{"id":328,"date":"2021-08-30T17:47:17","date_gmt":"2021-08-30T17:47:17","guid":{"rendered":"http:\/\/192.168.0.108\/godbrother_wordpress\/?page_id=328"},"modified":"2021-08-30T19:17:52","modified_gmt":"2021-08-30T19:17:52","slug":"3821-85-egk-rendelet-a-kozuti-kozlekedesben-hasznalt-menetiro-keszulekekrol","status":"publish","type":"page","link":"http:\/\/godbrother.hu\/index.php\/3821-85-egk-rendelet-a-kozuti-kozlekedesben-hasznalt-menetiro-keszulekekrol\/","title":{"rendered":"3821\/85 EGK RENDELET A K\u00d6Z\u00daTI K\u00d6ZLEKED\u00c9SBEN HASZN\u00c1LT MENET\u00cdR\u00d3 K\u00c9SZ\u00dcL\u00c9KEKR\u0150L"},"content":{"rendered":"\n<p><a rel=\"noreferrer noopener\" href=\"https:\/\/godbrother.hu\/media\/2021\/08\/rendeletek\/3821-85_EGK_Rendelet.pdf\" target=\"_blank\">3821\/85 EGK Rendelet a k\u00f6z\u00fati k\u00f6zleked\u00e9sben haszn\u00e1lt menet\u00edr\u00f3 k\u00e9sz\u00fcl\u00e9kekr\u0151l PDF<\/a><\/p>\n","protected":false},"excerpt":{"rendered":"<p>3821\/85 EGK Rendelet a k\u00f6z\u00fati k\u00f6zleked\u00e9sben haszn\u00e1lt menet\u00edr\u00f3 k\u00e9sz\u00fcl\u00e9kekr\u0151l PDF<\/p>\n","protected":false},"author":3,"featured_media":0,"parent":0,"menu_order":0,"comment_status":"closed","ping_status":"closed","template":"","meta":{"footnotes":""},"class_list":["post-328","page","type-page","status-publish","hentry"],"yoast_head":"<!-- This site is optimized with the Yoast SEO plugin v17.3 - https:\/\/yoast.com\/wordpress\/plugins\/seo\/ -->\n<title>G\u00f6dbrother Kft, Teheraut\u00f3 szerviz, Tachogr\u00e1f szerel\u00e9s, Tachogr\u00e1f illeszt\u00e9s<\/title>\n<meta name=\"description\" content=\"teherauto szerviz, tachograf illesztes\" \/>\n<meta name=\"robots\" content=\"index, follow, max-snippet:-1, max-image-preview:large, max-video-preview:-1\" \/>\n<link rel=\"canonical\" href=\"http:\/\/godbrother.hu\/index.php\/3821-85-egk-rendelet-a-kozuti-kozlekedesben-hasznalt-menetiro-keszulekekrol\/\" \/>\n<meta property=\"og:locale\" content=\"en_US\" \/>\n<meta property=\"og:type\" content=\"article\" \/>\n<meta property=\"og:title\" content=\"G\u00f6dbrother Kft, Teheraut\u00f3 szerviz, Tachogr\u00e1f szerel\u00e9s, Tachogr\u00e1f illeszt\u00e9s\" \/>\n<meta property=\"og:description\" content=\"teherauto szerviz, tachograf illesztes\" \/>\n<meta property=\"og:url\" content=\"http:\/\/godbrother.hu\/index.php\/3821-85-egk-rendelet-a-kozuti-kozlekedesben-hasznalt-menetiro-keszulekekrol\/\" \/>\n<meta property=\"article:modified_time\" content=\"2021-08-30T19:17:52+00:00\" \/>\n<meta name=\"twitter:card\" content=\"summary_large_image\" \/>\n<script type=\"application\/ld+json\" class=\"yoast-schema-graph\">{\"@context\":\"https:\/\/schema.org\",\"@graph\":[{\"@type\":\"WebSite\",\"@id\":\"http:\/\/godbrother.hu\/#website\",\"url\":\"http:\/\/godbrother.hu\/\",\"name\":\"\",\"description\":\"\",\"potentialAction\":[{\"@type\":\"SearchAction\",\"target\":{\"@type\":\"EntryPoint\",\"urlTemplate\":\"http:\/\/godbrother.hu\/?s={search_term_string}\"},\"query-input\":\"required name=search_term_string\"}],\"inLanguage\":\"en-US\"},{\"@type\":\"WebPage\",\"@id\":\"http:\/\/godbrother.hu\/index.php\/3821-85-egk-rendelet-a-kozuti-kozlekedesben-hasznalt-menetiro-keszulekekrol\/#webpage\",\"url\":\"http:\/\/godbrother.hu\/index.php\/3821-85-egk-rendelet-a-kozuti-kozlekedesben-hasznalt-menetiro-keszulekekrol\/\",\"name\":\"G\\u00f6dbrother Kft, Teheraut\\u00f3 szerviz, Tachogr\\u00e1f szerel\\u00e9s, Tachogr\\u00e1f illeszt\\u00e9s\",\"isPartOf\":{\"@id\":\"http:\/\/godbrother.hu\/#website\"},\"datePublished\":\"2021-08-30T17:47:17+00:00\",\"dateModified\":\"2021-08-30T19:17:52+00:00\",\"description\":\"teherauto szerviz, tachograf illesztes\",\"breadcrumb\":{\"@id\":\"http:\/\/godbrother.hu\/index.php\/3821-85-egk-rendelet-a-kozuti-kozlekedesben-hasznalt-menetiro-keszulekekrol\/#breadcrumb\"},\"inLanguage\":\"en-US\",\"potentialAction\":[{\"@type\":\"ReadAction\",\"target\":[\"http:\/\/godbrother.hu\/index.php\/3821-85-egk-rendelet-a-kozuti-kozlekedesben-hasznalt-menetiro-keszulekekrol\/\"]}]},{\"@type\":\"BreadcrumbList\",\"@id\":\"http:\/\/godbrother.hu\/index.php\/3821-85-egk-rendelet-a-kozuti-kozlekedesben-hasznalt-menetiro-keszulekekrol\/#breadcrumb\",\"itemListElement\":[{\"@type\":\"ListItem\",\"position\":1,\"name\":\"Home\",\"item\":\"http:\/\/godbrother.hu\/\"},{\"@type\":\"ListItem\",\"position\":2,\"name\":\"3821\/85 EGK RENDELET A K\\u00d6Z\\u00daTI K\\u00d6ZLEKED\\u00c9SBEN HASZN\\u00c1LT MENET\\u00cdR\\u00d3 K\\u00c9SZ\\u00dcL\\u00c9KEKR\\u0150L\"}]}]}<\/script>\n<!-- \/ Yoast SEO plugin. -->","yoast_head_json":{"title":"G\u00f6dbrother Kft, Teheraut\u00f3 szerviz, Tachogr\u00e1f szerel\u00e9s, Tachogr\u00e1f illeszt\u00e9s","description":"teherauto szerviz, tachograf illesztes","robots":{"index":"index","follow":"follow","max-snippet":"max-snippet:-1","max-image-preview":"max-image-preview:large","max-video-preview":"max-video-preview:-1"},"canonical":"http:\/\/godbrother.hu\/index.php\/3821-85-egk-rendelet-a-kozuti-kozlekedesben-hasznalt-menetiro-keszulekekrol\/","og_locale":"en_US","og_type":"article","og_title":"G\u00f6dbrother Kft, Teheraut\u00f3 szerviz, Tachogr\u00e1f szerel\u00e9s, Tachogr\u00e1f illeszt\u00e9s","og_description":"teherauto szerviz, tachograf illesztes","og_url":"http:\/\/godbrother.hu\/index.php\/3821-85-egk-rendelet-a-kozuti-kozlekedesben-hasznalt-menetiro-keszulekekrol\/","article_modified_time":"2021-08-30T19:17:52+00:00","twitter_card":"summary_large_image","schema":{"@context":"https:\/\/schema.org","@graph":[{"@type":"WebSite","@id":"http:\/\/godbrother.hu\/#website","url":"http:\/\/godbrother.hu\/","name":"","description":"","potentialAction":[{"@type":"SearchAction","target":{"@type":"EntryPoint","urlTemplate":"http:\/\/godbrother.hu\/?s={search_term_string}"},"query-input":"required name=search_term_string"}],"inLanguage":"en-US"},{"@type":"WebPage","@id":"http:\/\/godbrother.hu\/index.php\/3821-85-egk-rendelet-a-kozuti-kozlekedesben-hasznalt-menetiro-keszulekekrol\/#webpage","url":"http:\/\/godbrother.hu\/index.php\/3821-85-egk-rendelet-a-kozuti-kozlekedesben-hasznalt-menetiro-keszulekekrol\/","name":"G\u00f6dbrother Kft, Teheraut\u00f3 szerviz, Tachogr\u00e1f szerel\u00e9s, Tachogr\u00e1f illeszt\u00e9s","isPartOf":{"@id":"http:\/\/godbrother.hu\/#website"},"datePublished":"2021-08-30T17:47:17+00:00","dateModified":"2021-08-30T19:17:52+00:00","description":"teherauto szerviz, tachograf illesztes","breadcrumb":{"@id":"http:\/\/godbrother.hu\/index.php\/3821-85-egk-rendelet-a-kozuti-kozlekedesben-hasznalt-menetiro-keszulekekrol\/#breadcrumb"},"inLanguage":"en-US","potentialAction":[{"@type":"ReadAction","target":["http:\/\/godbrother.hu\/index.php\/3821-85-egk-rendelet-a-kozuti-kozlekedesben-hasznalt-menetiro-keszulekekrol\/"]}]},{"@type":"BreadcrumbList","@id":"http:\/\/godbrother.hu\/index.php\/3821-85-egk-rendelet-a-kozuti-kozlekedesben-hasznalt-menetiro-keszulekekrol\/#breadcrumb","itemListElement":[{"@type":"ListItem","position":1,"name":"Home","item":"http:\/\/godbrother.hu\/"},{"@type":"ListItem","position":2,"name":"3821\/85 EGK RENDELET A K\u00d6Z\u00daTI K\u00d6ZLEKED\u00c9SBEN HASZN\u00c1LT MENET\u00cdR\u00d3 K\u00c9SZ\u00dcL\u00c9KEKR\u0150L"}]}]}},"_links":{"self":[{"href":"http:\/\/godbrother.hu\/index.php\/wp-json\/wp\/v2\/pages\/328","targetHints":{"allow":["GET"]}}],"collection":[{"href":"http:\/\/godbrother.hu\/index.php\/wp-json\/wp\/v2\/pages"}],"about":[{"href":"http:\/\/godbrother.hu\/index.php\/wp-json\/wp\/v2\/types\/page"}],"author":[{"embeddable":true,"href":"http:\/\/godbrother.hu\/index.php\/wp-json\/wp\/v2\/users\/3"}],"replies":[{"embeddable":true,"href":"http:\/\/godbrother.hu\/index.php\/wp-json\/wp\/v2\/comments?post=328"}],"version-history":[{"count":2,"href":"http:\/\/godbrother.hu\/index.php\/wp-json\/wp\/v2\/pages\/328\/revisions"}],"predecessor-version":[{"id":380,"href":"http:\/\/godbrother.hu\/index.php\/wp-json\/wp\/v2\/pages\/328\/revisions\/380"}],"wp:attachment":[{"href":"http:\/\/godbrother.hu\/index.php\/wp-json\/wp\/v2\/media?parent=328"}],"curies":[{"name":"wp","href":"https:\/\/api.w.org\/{rel}","templated":true}]}}