{"id":2,"date":"2021-08-27T18:05:47","date_gmt":"2021-08-27T18:05:47","guid":{"rendered":"http:\/\/localhost\/godbrother_wordpress\/?page_id=2"},"modified":"2021-08-30T19:10:24","modified_gmt":"2021-08-30T19:10:24","slug":"tachograf-szerviz","status":"publish","type":"page","link":"https:\/\/godbrother.hu\/index.php\/tachograf-szerviz\/","title":{"rendered":"TACHOGR\u00c1F SZERVIZ"},"content":{"rendered":"\n<div class=\"wp-block-button\"><a href=\"http:\/\/godbrother.hu\/index.php\/tachograf-szerviz\/digitalis-tachograf-tipusok\/\" class=\"wp-block-button__link\" style=\"text-decoration: none;width:25%\">DIGIT\u00c1LIS TACHOGR\u00c1F T\u00cdPUSOK<\/a><\/div>\n\n\n\n<div class=\"wp-block-button\"><a href=\"http:\/\/godbrother.hu\/index.php\/tachograf-szerviz\/analog-tachograf-tipusok\/\" class=\"wp-block-button__link\" style=\"text-decoration: none;;width:25%\">ANAL\u00d3G TACHOGR\u00c1F T\u00cdPUSOK<\/a><\/div>\n\n\n\n<div class=\"wp-block-button\"><a href=\"http:\/\/godbrother.hu\/index.php\/tachograf-szerviz\/szolgaltatasok\/\" class=\"wp-block-button__link\" style=\"text-decoration: none;width:25%\">SZOLG\u00c1LTAT\u00c1SOK<\/a><\/div>\n\n\n\n<div class=\"wp-block-button\"><a href=\"http:\/\/godbrother.hu\/index.php\/tachograf-szerviz\/kapcsolodo-jogszabalyok\/\" class=\"wp-block-button__link\" style=\"text-decoration: none;;width:25%\">KAPCSOL\u00d3D\u00d3 JOGSZAB\u00c1LYOK<\/a><\/div>\n","protected":false},"excerpt":{"rendered":"","protected":false},"author":1,"featured_media":0,"parent":0,"menu_order":0,"comment_status":"closed","ping_status":"closed","template":"","meta":{"footnotes":""},"class_list":["post-2","page","type-page","status-publish","hentry"],"yoast_head":"<!-- This site is optimized with the Yoast SEO plugin v17.3 - https:\/\/yoast.com\/wordpress\/plugins\/seo\/ -->\n<title>G\u00f6dbrother Kft, Teheraut\u00f3 szerviz, Tachogr\u00e1f szerel\u00e9s, Tachogr\u00e1f illeszt\u00e9s<\/title>\n<meta name=\"description\" content=\"teherauto szerviz, tachograf illesztes\" \/>\n<meta name=\"robots\" content=\"index, follow, max-snippet:-1, max-image-preview:large, max-video-preview:-1\" \/>\n<link rel=\"canonical\" href=\"https:\/\/godbrother.hu\/index.php\/tachograf-szerviz\/\" \/>\n<meta property=\"og:locale\" content=\"en_US\" \/>\n<meta property=\"og:type\" content=\"article\" \/>\n<meta property=\"og:title\" content=\"G\u00f6dbrother Kft, Teheraut\u00f3 szerviz, Tachogr\u00e1f szerel\u00e9s, Tachogr\u00e1f illeszt\u00e9s\" \/>\n<meta property=\"og:description\" content=\"teherauto szerviz, tachograf illesztes\" \/>\n<meta property=\"og:url\" content=\"https:\/\/godbrother.hu\/index.php\/tachograf-szerviz\/\" \/>\n<meta property=\"article:modified_time\" content=\"2021-08-30T19:10:24+00:00\" \/>\n<meta name=\"twitter:card\" content=\"summary_large_image\" \/>\n<script type=\"application\/ld+json\" class=\"yoast-schema-graph\">{\"@context\":\"https:\/\/schema.org\",\"@graph\":[{\"@type\":\"WebSite\",\"@id\":\"http:\/\/godbrother.hu\/#website\",\"url\":\"http:\/\/godbrother.hu\/\",\"name\":\"\",\"description\":\"\",\"potentialAction\":[{\"@type\":\"SearchAction\",\"target\":{\"@type\":\"EntryPoint\",\"urlTemplate\":\"http:\/\/godbrother.hu\/?s={search_term_string}\"},\"query-input\":\"required name=search_term_string\"}],\"inLanguage\":\"en-US\"},{\"@type\":\"WebPage\",\"@id\":\"https:\/\/godbrother.hu\/index.php\/tachograf-szerviz\/#webpage\",\"url\":\"https:\/\/godbrother.hu\/index.php\/tachograf-szerviz\/\",\"name\":\"G\\u00f6dbrother Kft, Teheraut\\u00f3 szerviz, Tachogr\\u00e1f szerel\\u00e9s, Tachogr\\u00e1f illeszt\\u00e9s\",\"isPartOf\":{\"@id\":\"http:\/\/godbrother.hu\/#website\"},\"datePublished\":\"2021-08-27T18:05:47+00:00\",\"dateModified\":\"2021-08-30T19:10:24+00:00\",\"description\":\"teherauto szerviz, tachograf illesztes\",\"breadcrumb\":{\"@id\":\"https:\/\/godbrother.hu\/index.php\/tachograf-szerviz\/#breadcrumb\"},\"inLanguage\":\"en-US\",\"potentialAction\":[{\"@type\":\"ReadAction\",\"target\":[\"https:\/\/godbrother.hu\/index.php\/tachograf-szerviz\/\"]}]},{\"@type\":\"BreadcrumbList\",\"@id\":\"https:\/\/godbrother.hu\/index.php\/tachograf-szerviz\/#breadcrumb\",\"itemListElement\":[{\"@type\":\"ListItem\",\"position\":1,\"name\":\"Home\",\"item\":\"https:\/\/godbrother.hu\/\"},{\"@type\":\"ListItem\",\"position\":2,\"name\":\"TACHOGR\\u00c1F SZERVIZ\"}]}]}<\/script>\n<!-- \/ Yoast SEO plugin. -->","yoast_head_json":{"title":"G\u00f6dbrother Kft, Teheraut\u00f3 szerviz, Tachogr\u00e1f szerel\u00e9s, Tachogr\u00e1f illeszt\u00e9s","description":"teherauto szerviz, tachograf illesztes","robots":{"index":"index","follow":"follow","max-snippet":"max-snippet:-1","max-image-preview":"max-image-preview:large","max-video-preview":"max-video-preview:-1"},"canonical":"https:\/\/godbrother.hu\/index.php\/tachograf-szerviz\/","og_locale":"en_US","og_type":"article","og_title":"G\u00f6dbrother Kft, Teheraut\u00f3 szerviz, Tachogr\u00e1f szerel\u00e9s, Tachogr\u00e1f illeszt\u00e9s","og_description":"teherauto szerviz, tachograf illesztes","og_url":"https:\/\/godbrother.hu\/index.php\/tachograf-szerviz\/","article_modified_time":"2021-08-30T19:10:24+00:00","twitter_card":"summary_large_image","schema":{"@context":"https:\/\/schema.org","@graph":[{"@type":"WebSite","@id":"http:\/\/godbrother.hu\/#website","url":"http:\/\/godbrother.hu\/","name":"","description":"","potentialAction":[{"@type":"SearchAction","target":{"@type":"EntryPoint","urlTemplate":"http:\/\/godbrother.hu\/?s={search_term_string}"},"query-input":"required name=search_term_string"}],"inLanguage":"en-US"},{"@type":"WebPage","@id":"https:\/\/godbrother.hu\/index.php\/tachograf-szerviz\/#webpage","url":"https:\/\/godbrother.hu\/index.php\/tachograf-szerviz\/","name":"G\u00f6dbrother Kft, Teheraut\u00f3 szerviz, Tachogr\u00e1f szerel\u00e9s, Tachogr\u00e1f illeszt\u00e9s","isPartOf":{"@id":"http:\/\/godbrother.hu\/#website"},"datePublished":"2021-08-27T18:05:47+00:00","dateModified":"2021-08-30T19:10:24+00:00","description":"teherauto szerviz, tachograf illesztes","breadcrumb":{"@id":"https:\/\/godbrother.hu\/index.php\/tachograf-szerviz\/#breadcrumb"},"inLanguage":"en-US","potentialAction":[{"@type":"ReadAction","target":["https:\/\/godbrother.hu\/index.php\/tachograf-szerviz\/"]}]},{"@type":"BreadcrumbList","@id":"https:\/\/godbrother.hu\/index.php\/tachograf-szerviz\/#breadcrumb","itemListElement":[{"@type":"ListItem","position":1,"name":"Home","item":"https:\/\/godbrother.hu\/"},{"@type":"ListItem","position":2,"name":"TACHOGR\u00c1F SZERVIZ"}]}]}},"_links":{"self":[{"href":"https:\/\/godbrother.hu\/index.php\/wp-json\/wp\/v2\/pages\/2","targetHints":{"allow":["GET"]}}],"collection":[{"href":"https:\/\/godbrother.hu\/index.php\/wp-json\/wp\/v2\/pages"}],"about":[{"href":"https:\/\/godbrother.hu\/index.php\/wp-json\/wp\/v2\/types\/page"}],"author":[{"embeddable":true,"href":"https:\/\/godbrother.hu\/index.php\/wp-json\/wp\/v2\/users\/1"}],"replies":[{"embeddable":true,"href":"https:\/\/godbrother.hu\/index.php\/wp-json\/wp\/v2\/comments?post=2"}],"version-history":[{"count":34,"href":"https:\/\/godbrother.hu\/index.php\/wp-json\/wp\/v2\/pages\/2\/revisions"}],"predecessor-version":[{"id":373,"href":"https:\/\/godbrother.hu\/index.php\/wp-json\/wp\/v2\/pages\/2\/revisions\/373"}],"wp:attachment":[{"href":"https:\/\/godbrother.hu\/index.php\/wp-json\/wp\/v2\/media?parent=2"}],"curies":[{"name":"wp","href":"https:\/\/api.w.org\/{rel}","templated":true}]}}