{"id":21,"date":"2021-08-28T09:32:25","date_gmt":"2021-08-28T09:32:25","guid":{"rendered":"http:\/\/192.168.0.108\/godbrother_wordpress\/?page_id=21"},"modified":"2021-08-30T18:12:07","modified_gmt":"2021-08-30T18:12:07","slug":"teherauto-szerviz","status":"publish","type":"page","link":"https:\/\/godbrother.hu\/index.php\/teherauto-szerviz\/","title":{"rendered":"TEHERAUT\u00d3 SZERVIZ"},"content":{"rendered":"\n<p><\/p>\n\n\n\n<p><strong>\u00c1tvizsg\u00e1l\u00e1s<\/strong><\/p>\n\n\n\n<p><strong>\u00c1tvizsg\u00e1l\u00e1s ut\u00e1ni \u00e1raj\u00e1nlat k\u00e9sz\u00edt\u00e9s<\/strong><\/p>\n\n\n\n<p><strong>M\u0171szaki vizsg\u00e1ztat\u00e1s<\/strong><\/p>\n\n\n\n<p><strong>NKH \u00e1ltal berendelt g\u00e9pj\u00e1rm\u0171vek vizsg\u00e1ztat\u00e1sa teljes k\u00f6r\u0171 \u00fcgyint\u00e9z\u00e9ssel<\/strong><\/p>\n\n\n\n<p><strong>M\u0171szeres fut\u00f3m\u0171\u00e1ll\u00edt\u00e1s<\/strong><\/p>\n\n\n\n<p><strong>M\u0171szeres diagnosztika<\/strong><\/p>\n\n\n\n<p><strong>Elektromos jav\u00edt\u00e1s<\/strong><\/p>\n\n\n\n<p><strong>Haldex f\u00e9kek fel\u00faj\u00edt\u00e1sa<\/strong><\/p>\n\n\n\n<p><strong>F\u00e9kdobok szab\u00e1lyoz\u00e1sa<\/strong><\/p>\n\n\n\n<p><strong>F\u00e9kbet\u00e9tek szegecsel\u00e9se<\/strong><\/p>\n\n\n\n<p><strong>Fut\u00f3m\u0171vek teljes szervizel\u00e9se<\/strong><\/p>\n\n\n\n<p><strong>F\u00fcgg\u0151csapszeg csere m\u00e9rett\u0151l f\u00fcggetlen\u00fcl<\/strong><\/p>\n\n\n\n<p><strong>Olajcsere szerviz<\/strong><\/p>\n\n\n\n<p><strong>\u00d6nind\u00edt\u00f3, gener\u00e1torjav\u00edt\u00e1s<\/strong><\/p>\n\n\n\n<p><strong>Teljesk\u00f6r\u0171 p\u00f3tkocsi jav\u00edt\u00e1s<\/strong><\/p>\n\n\n\n<p><strong>F\u00e9kjav\u00edt\u00e1s<\/strong><\/p>\n\n\n\n<p><strong>Korm\u00e1nym\u0171 jav\u00edt\u00e1s<\/strong><\/p>\n\n\n\n<p><strong>V\u00e1lt\u00f3 jav\u00edt\u00e1s<\/strong><\/p>\n\n\n\n<p><strong>Komplett motorfel\u00faj\u00edt\u00e1s<\/strong><\/p>\n\n\n\n<p><strong>Eszt\u00e9tikai jav\u00edt\u00e1sok<\/strong><\/p>\n\n\n\n<p><strong>Lakatos munka<\/strong><\/p>\n\n\n\n<p><strong>Gy\u00e1ri \u00e9s ut\u00e1ngy\u00e1rtott alkatr\u00e9szek \u00e9rt\u00e9kes\u00edt\u00e9se<\/strong><\/p>\n","protected":false},"excerpt":{"rendered":"<p>\u00c1tvizsg\u00e1l\u00e1s \u00c1tvizsg\u00e1l\u00e1s ut\u00e1ni \u00e1raj\u00e1nlat k\u00e9sz\u00edt\u00e9s M\u0171szaki vizsg\u00e1ztat\u00e1s NKH \u00e1ltal berendelt g\u00e9pj\u00e1rm\u0171vek vizsg\u00e1ztat\u00e1sa teljes k\u00f6r\u0171 \u00fcgyint\u00e9z\u00e9ssel M\u0171szeres fut\u00f3m\u0171\u00e1ll\u00edt\u00e1s M\u0171szeres diagnosztika Elektromos jav\u00edt\u00e1s Haldex f\u00e9kek fel\u00faj\u00edt\u00e1sa F\u00e9kdobok<\/p>\n","protected":false},"author":3,"featured_media":0,"parent":0,"menu_order":0,"comment_status":"closed","ping_status":"closed","template":"","meta":{"footnotes":""},"class_list":["post-21","page","type-page","status-publish","hentry"],"yoast_head":"<!-- This site is optimized with the Yoast SEO plugin v17.3 - https:\/\/yoast.com\/wordpress\/plugins\/seo\/ -->\n<title>G\u00f6dbrother Kft, Teheraut\u00f3 szerviz, Tachogr\u00e1f szerel\u00e9s, Tachogr\u00e1f illeszt\u00e9s<\/title>\n<meta name=\"description\" content=\"teherauto szerviz, tachograf illesztes\" \/>\n<meta name=\"robots\" content=\"index, follow, max-snippet:-1, max-image-preview:large, max-video-preview:-1\" \/>\n<link rel=\"canonical\" href=\"https:\/\/godbrother.hu\/index.php\/teherauto-szerviz\/\" \/>\n<meta property=\"og:locale\" content=\"en_US\" \/>\n<meta property=\"og:type\" content=\"article\" \/>\n<meta property=\"og:title\" content=\"G\u00f6dbrother Kft, Teheraut\u00f3 szerviz, Tachogr\u00e1f szerel\u00e9s, Tachogr\u00e1f illeszt\u00e9s\" \/>\n<meta property=\"og:description\" content=\"teherauto szerviz, tachograf illesztes\" \/>\n<meta property=\"og:url\" content=\"https:\/\/godbrother.hu\/index.php\/teherauto-szerviz\/\" \/>\n<meta property=\"article:modified_time\" content=\"2021-08-30T18:12:07+00:00\" \/>\n<meta name=\"twitter:card\" content=\"summary_large_image\" \/>\n<meta name=\"twitter:label1\" content=\"Est. reading time\" \/>\n\t<meta name=\"twitter:data1\" content=\"1 minute\" \/>\n<script type=\"application\/ld+json\" class=\"yoast-schema-graph\">{\"@context\":\"https:\/\/schema.org\",\"@graph\":[{\"@type\":\"WebSite\",\"@id\":\"http:\/\/godbrother.hu\/#website\",\"url\":\"http:\/\/godbrother.hu\/\",\"name\":\"\",\"description\":\"\",\"potentialAction\":[{\"@type\":\"SearchAction\",\"target\":{\"@type\":\"EntryPoint\",\"urlTemplate\":\"http:\/\/godbrother.hu\/?s={search_term_string}\"},\"query-input\":\"required name=search_term_string\"}],\"inLanguage\":\"en-US\"},{\"@type\":\"WebPage\",\"@id\":\"https:\/\/godbrother.hu\/index.php\/teherauto-szerviz\/#webpage\",\"url\":\"https:\/\/godbrother.hu\/index.php\/teherauto-szerviz\/\",\"name\":\"G\\u00f6dbrother Kft, Teheraut\\u00f3 szerviz, Tachogr\\u00e1f szerel\\u00e9s, Tachogr\\u00e1f illeszt\\u00e9s\",\"isPartOf\":{\"@id\":\"http:\/\/godbrother.hu\/#website\"},\"datePublished\":\"2021-08-28T09:32:25+00:00\",\"dateModified\":\"2021-08-30T18:12:07+00:00\",\"description\":\"teherauto szerviz, tachograf illesztes\",\"breadcrumb\":{\"@id\":\"https:\/\/godbrother.hu\/index.php\/teherauto-szerviz\/#breadcrumb\"},\"inLanguage\":\"en-US\",\"potentialAction\":[{\"@type\":\"ReadAction\",\"target\":[\"https:\/\/godbrother.hu\/index.php\/teherauto-szerviz\/\"]}]},{\"@type\":\"BreadcrumbList\",\"@id\":\"https:\/\/godbrother.hu\/index.php\/teherauto-szerviz\/#breadcrumb\",\"itemListElement\":[{\"@type\":\"ListItem\",\"position\":1,\"name\":\"Home\",\"item\":\"http:\/\/godbrother.hu\/\"},{\"@type\":\"ListItem\",\"position\":2,\"name\":\"TEHERAUT\\u00d3 SZERVIZ\"}]}]}<\/script>\n<!-- \/ Yoast SEO plugin. -->","yoast_head_json":{"title":"G\u00f6dbrother Kft, Teheraut\u00f3 szerviz, Tachogr\u00e1f szerel\u00e9s, Tachogr\u00e1f illeszt\u00e9s","description":"teherauto szerviz, tachograf illesztes","robots":{"index":"index","follow":"follow","max-snippet":"max-snippet:-1","max-image-preview":"max-image-preview:large","max-video-preview":"max-video-preview:-1"},"canonical":"https:\/\/godbrother.hu\/index.php\/teherauto-szerviz\/","og_locale":"en_US","og_type":"article","og_title":"G\u00f6dbrother Kft, Teheraut\u00f3 szerviz, Tachogr\u00e1f szerel\u00e9s, Tachogr\u00e1f illeszt\u00e9s","og_description":"teherauto szerviz, tachograf illesztes","og_url":"https:\/\/godbrother.hu\/index.php\/teherauto-szerviz\/","article_modified_time":"2021-08-30T18:12:07+00:00","twitter_card":"summary_large_image","twitter_misc":{"Est. reading time":"1 minute"},"schema":{"@context":"https:\/\/schema.org","@graph":[{"@type":"WebSite","@id":"http:\/\/godbrother.hu\/#website","url":"http:\/\/godbrother.hu\/","name":"","description":"","potentialAction":[{"@type":"SearchAction","target":{"@type":"EntryPoint","urlTemplate":"http:\/\/godbrother.hu\/?s={search_term_string}"},"query-input":"required name=search_term_string"}],"inLanguage":"en-US"},{"@type":"WebPage","@id":"https:\/\/godbrother.hu\/index.php\/teherauto-szerviz\/#webpage","url":"https:\/\/godbrother.hu\/index.php\/teherauto-szerviz\/","name":"G\u00f6dbrother Kft, Teheraut\u00f3 szerviz, Tachogr\u00e1f szerel\u00e9s, Tachogr\u00e1f illeszt\u00e9s","isPartOf":{"@id":"http:\/\/godbrother.hu\/#website"},"datePublished":"2021-08-28T09:32:25+00:00","dateModified":"2021-08-30T18:12:07+00:00","description":"teherauto szerviz, tachograf illesztes","breadcrumb":{"@id":"https:\/\/godbrother.hu\/index.php\/teherauto-szerviz\/#breadcrumb"},"inLanguage":"en-US","potentialAction":[{"@type":"ReadAction","target":["https:\/\/godbrother.hu\/index.php\/teherauto-szerviz\/"]}]},{"@type":"BreadcrumbList","@id":"https:\/\/godbrother.hu\/index.php\/teherauto-szerviz\/#breadcrumb","itemListElement":[{"@type":"ListItem","position":1,"name":"Home","item":"http:\/\/godbrother.hu\/"},{"@type":"ListItem","position":2,"name":"TEHERAUT\u00d3 SZERVIZ"}]}]}},"_links":{"self":[{"href":"https:\/\/godbrother.hu\/index.php\/wp-json\/wp\/v2\/pages\/21","targetHints":{"allow":["GET"]}}],"collection":[{"href":"https:\/\/godbrother.hu\/index.php\/wp-json\/wp\/v2\/pages"}],"about":[{"href":"https:\/\/godbrother.hu\/index.php\/wp-json\/wp\/v2\/types\/page"}],"author":[{"embeddable":true,"href":"https:\/\/godbrother.hu\/index.php\/wp-json\/wp\/v2\/users\/3"}],"replies":[{"embeddable":true,"href":"https:\/\/godbrother.hu\/index.php\/wp-json\/wp\/v2\/comments?post=21"}],"version-history":[{"count":6,"href":"https:\/\/godbrother.hu\/index.php\/wp-json\/wp\/v2\/pages\/21\/revisions"}],"predecessor-version":[{"id":187,"href":"https:\/\/godbrother.hu\/index.php\/wp-json\/wp\/v2\/pages\/21\/revisions\/187"}],"wp:attachment":[{"href":"https:\/\/godbrother.hu\/index.php\/wp-json\/wp\/v2\/media?parent=21"}],"curies":[{"name":"wp","href":"https:\/\/api.w.org\/{rel}","templated":true}]}}