{"id":242,"date":"2021-08-30T16:46:49","date_gmt":"2021-08-30T16:46:49","guid":{"rendered":"http:\/\/192.168.0.108\/godbrother_wordpress\/?page_id=242"},"modified":"2021-08-30T16:46:54","modified_gmt":"2021-08-30T16:46:54","slug":"sebessegkorlatozo-beepites","status":"publish","type":"page","link":"https:\/\/godbrother.hu\/index.php\/tachograf-szerviz\/szolgaltatasok\/sebessegkorlatozo-beepites\/","title":{"rendered":"SEBESS\u00c9GKORL\u00c1TOZ\u00d3 BE\u00c9P\u00cdT\u00c9S"},"content":{"rendered":"","protected":false},"excerpt":{"rendered":"","protected":false},"author":3,"featured_media":0,"parent":36,"menu_order":0,"comment_status":"closed","ping_status":"closed","template":"","meta":{"footnotes":""},"class_list":["post-242","page","type-page","status-publish","hentry"],"yoast_head":"<!-- This site is optimized with the Yoast SEO plugin v17.3 - https:\/\/yoast.com\/wordpress\/plugins\/seo\/ -->\n<title>G\u00f6dbrother Kft, Teheraut\u00f3 szerviz, Tachogr\u00e1f szerel\u00e9s, Tachogr\u00e1f illeszt\u00e9s<\/title>\n<meta name=\"description\" content=\"teherauto szerviz, tachograf illesztes\" \/>\n<meta name=\"robots\" content=\"index, follow, max-snippet:-1, max-image-preview:large, max-video-preview:-1\" \/>\n<link rel=\"canonical\" href=\"http:\/\/godbrother.hu\/index.php\/tachograf-szerviz\/szolgaltatasok\/sebessegkorlatozo-beepites\/\" \/>\n<meta property=\"og:locale\" content=\"en_US\" \/>\n<meta property=\"og:type\" content=\"article\" \/>\n<meta property=\"og:title\" content=\"G\u00f6dbrother Kft, Teheraut\u00f3 szerviz, Tachogr\u00e1f szerel\u00e9s, Tachogr\u00e1f illeszt\u00e9s\" \/>\n<meta property=\"og:description\" content=\"teherauto szerviz, tachograf illesztes\" \/>\n<meta property=\"og:url\" content=\"http:\/\/godbrother.hu\/index.php\/tachograf-szerviz\/szolgaltatasok\/sebessegkorlatozo-beepites\/\" \/>\n<meta property=\"article:modified_time\" content=\"2021-08-30T16:46:54+00:00\" \/>\n<meta name=\"twitter:card\" content=\"summary_large_image\" \/>\n<script type=\"application\/ld+json\" class=\"yoast-schema-graph\">{\"@context\":\"https:\/\/schema.org\",\"@graph\":[{\"@type\":\"WebSite\",\"@id\":\"http:\/\/godbrother.hu\/#website\",\"url\":\"http:\/\/godbrother.hu\/\",\"name\":\"\",\"description\":\"\",\"potentialAction\":[{\"@type\":\"SearchAction\",\"target\":{\"@type\":\"EntryPoint\",\"urlTemplate\":\"http:\/\/godbrother.hu\/?s={search_term_string}\"},\"query-input\":\"required name=search_term_string\"}],\"inLanguage\":\"en-US\"},{\"@type\":\"WebPage\",\"@id\":\"http:\/\/godbrother.hu\/index.php\/tachograf-szerviz\/szolgaltatasok\/sebessegkorlatozo-beepites\/#webpage\",\"url\":\"http:\/\/godbrother.hu\/index.php\/tachograf-szerviz\/szolgaltatasok\/sebessegkorlatozo-beepites\/\",\"name\":\"G\\u00f6dbrother Kft, Teheraut\\u00f3 szerviz, Tachogr\\u00e1f szerel\\u00e9s, Tachogr\\u00e1f illeszt\\u00e9s\",\"isPartOf\":{\"@id\":\"http:\/\/godbrother.hu\/#website\"},\"datePublished\":\"2021-08-30T16:46:49+00:00\",\"dateModified\":\"2021-08-30T16:46:54+00:00\",\"description\":\"teherauto szerviz, tachograf illesztes\",\"breadcrumb\":{\"@id\":\"http:\/\/godbrother.hu\/index.php\/tachograf-szerviz\/szolgaltatasok\/sebessegkorlatozo-beepites\/#breadcrumb\"},\"inLanguage\":\"en-US\",\"potentialAction\":[{\"@type\":\"ReadAction\",\"target\":[\"http:\/\/godbrother.hu\/index.php\/tachograf-szerviz\/szolgaltatasok\/sebessegkorlatozo-beepites\/\"]}]},{\"@type\":\"BreadcrumbList\",\"@id\":\"http:\/\/godbrother.hu\/index.php\/tachograf-szerviz\/szolgaltatasok\/sebessegkorlatozo-beepites\/#breadcrumb\",\"itemListElement\":[{\"@type\":\"ListItem\",\"position\":1,\"name\":\"Home\",\"item\":\"http:\/\/godbrother.hu\/\"},{\"@type\":\"ListItem\",\"position\":2,\"name\":\"TACHOGR\\u00c1F SZERVIZ\",\"item\":\"http:\/\/godbrother.hu\/index.php\/tachograf-szerviz\/\"},{\"@type\":\"ListItem\",\"position\":3,\"name\":\"SZOLG\\u00c1LTAT\\u00c1SOK\",\"item\":\"http:\/\/godbrother.hu\/index.php\/tachograf-szerviz\/szolgaltatasok\/\"},{\"@type\":\"ListItem\",\"position\":4,\"name\":\"SEBESS\\u00c9GKORL\\u00c1TOZ\\u00d3 BE\\u00c9P\\u00cdT\\u00c9S\"}]}]}<\/script>\n<!-- \/ Yoast SEO plugin. -->","yoast_head_json":{"title":"G\u00f6dbrother Kft, Teheraut\u00f3 szerviz, Tachogr\u00e1f szerel\u00e9s, Tachogr\u00e1f illeszt\u00e9s","description":"teherauto szerviz, tachograf illesztes","robots":{"index":"index","follow":"follow","max-snippet":"max-snippet:-1","max-image-preview":"max-image-preview:large","max-video-preview":"max-video-preview:-1"},"canonical":"http:\/\/godbrother.hu\/index.php\/tachograf-szerviz\/szolgaltatasok\/sebessegkorlatozo-beepites\/","og_locale":"en_US","og_type":"article","og_title":"G\u00f6dbrother Kft, Teheraut\u00f3 szerviz, Tachogr\u00e1f szerel\u00e9s, Tachogr\u00e1f illeszt\u00e9s","og_description":"teherauto szerviz, tachograf illesztes","og_url":"http:\/\/godbrother.hu\/index.php\/tachograf-szerviz\/szolgaltatasok\/sebessegkorlatozo-beepites\/","article_modified_time":"2021-08-30T16:46:54+00:00","twitter_card":"summary_large_image","schema":{"@context":"https:\/\/schema.org","@graph":[{"@type":"WebSite","@id":"http:\/\/godbrother.hu\/#website","url":"http:\/\/godbrother.hu\/","name":"","description":"","potentialAction":[{"@type":"SearchAction","target":{"@type":"EntryPoint","urlTemplate":"http:\/\/godbrother.hu\/?s={search_term_string}"},"query-input":"required name=search_term_string"}],"inLanguage":"en-US"},{"@type":"WebPage","@id":"http:\/\/godbrother.hu\/index.php\/tachograf-szerviz\/szolgaltatasok\/sebessegkorlatozo-beepites\/#webpage","url":"http:\/\/godbrother.hu\/index.php\/tachograf-szerviz\/szolgaltatasok\/sebessegkorlatozo-beepites\/","name":"G\u00f6dbrother Kft, Teheraut\u00f3 szerviz, Tachogr\u00e1f szerel\u00e9s, Tachogr\u00e1f illeszt\u00e9s","isPartOf":{"@id":"http:\/\/godbrother.hu\/#website"},"datePublished":"2021-08-30T16:46:49+00:00","dateModified":"2021-08-30T16:46:54+00:00","description":"teherauto szerviz, tachograf illesztes","breadcrumb":{"@id":"http:\/\/godbrother.hu\/index.php\/tachograf-szerviz\/szolgaltatasok\/sebessegkorlatozo-beepites\/#breadcrumb"},"inLanguage":"en-US","potentialAction":[{"@type":"ReadAction","target":["http:\/\/godbrother.hu\/index.php\/tachograf-szerviz\/szolgaltatasok\/sebessegkorlatozo-beepites\/"]}]},{"@type":"BreadcrumbList","@id":"http:\/\/godbrother.hu\/index.php\/tachograf-szerviz\/szolgaltatasok\/sebessegkorlatozo-beepites\/#breadcrumb","itemListElement":[{"@type":"ListItem","position":1,"name":"Home","item":"http:\/\/godbrother.hu\/"},{"@type":"ListItem","position":2,"name":"TACHOGR\u00c1F SZERVIZ","item":"http:\/\/godbrother.hu\/index.php\/tachograf-szerviz\/"},{"@type":"ListItem","position":3,"name":"SZOLG\u00c1LTAT\u00c1SOK","item":"http:\/\/godbrother.hu\/index.php\/tachograf-szerviz\/szolgaltatasok\/"},{"@type":"ListItem","position":4,"name":"SEBESS\u00c9GKORL\u00c1TOZ\u00d3 BE\u00c9P\u00cdT\u00c9S"}]}]}},"_links":{"self":[{"href":"https:\/\/godbrother.hu\/index.php\/wp-json\/wp\/v2\/pages\/242","targetHints":{"allow":["GET"]}}],"collection":[{"href":"https:\/\/godbrother.hu\/index.php\/wp-json\/wp\/v2\/pages"}],"about":[{"href":"https:\/\/godbrother.hu\/index.php\/wp-json\/wp\/v2\/types\/page"}],"author":[{"embeddable":true,"href":"https:\/\/godbrother.hu\/index.php\/wp-json\/wp\/v2\/users\/3"}],"replies":[{"embeddable":true,"href":"https:\/\/godbrother.hu\/index.php\/wp-json\/wp\/v2\/comments?post=242"}],"version-history":[{"count":1,"href":"https:\/\/godbrother.hu\/index.php\/wp-json\/wp\/v2\/pages\/242\/revisions"}],"predecessor-version":[{"id":243,"href":"https:\/\/godbrother.hu\/index.php\/wp-json\/wp\/v2\/pages\/242\/revisions\/243"}],"up":[{"embeddable":true,"href":"https:\/\/godbrother.hu\/index.php\/wp-json\/wp\/v2\/pages\/36"}],"wp:attachment":[{"href":"https:\/\/godbrother.hu\/index.php\/wp-json\/wp\/v2\/media?parent=242"}],"curies":[{"name":"wp","href":"https:\/\/api.w.org\/{rel}","templated":true}]}}